{"id":20017,"date":"2022-04-10T19:55:08","date_gmt":"2022-04-10T17:55:08","guid":{"rendered":"https:\/\/agrimpexfarming.it\/index.php\/nuestros-procesos\/"},"modified":"2022-06-28T19:18:37","modified_gmt":"2022-06-28T17:18:37","slug":"nuestros-procesos","status":"publish","type":"page","link":"https:\/\/agrimpexfarming.it\/es\/nuestros-procesos\/","title":{"rendered":"Nuestros procesos"},"content":{"rendered":"\t\t<div data-elementor-type=\"wp-page\" data-elementor-id=\"20017\" class=\"elementor elementor-20017 elementor-19289\">\n\t\t\t\t\t\t<div class=\"elementor-inner\">\n\t\t\t\t<div class=\"elementor-section-wrap\">\n\t\t\t\t\t\t\t\t\t<section class=\"elementor-section elementor-top-section elementor-element elementor-element-ca403d1 elementor-section-boxed elementor-section-height-default elementor-section-height-default\" data-id=\"ca403d1\" data-element_type=\"section\">\n\t\t\t\t\t\t<div class=\"elementor-container elementor-column-gap-default\">\n\t\t\t\t\t\t\t<div class=\"elementor-row\">\n\t\t\t\t\t<div class=\"elementor-column elementor-col-50 elementor-top-column elementor-element elementor-element-6661d81\" data-id=\"6661d81\" data-element_type=\"column\">\n\t\t\t<div class=\"elementor-column-wrap elementor-element-populated\">\n\t\t\t\t\t\t\t<div class=\"elementor-widget-wrap\">\n\t\t\t\t\t\t<div class=\"elementor-element elementor-element-04c0ce9 elementor-widget elementor-widget-text-editor\" data-id=\"04c0ce9\" data-element_type=\"widget\" data-widget_type=\"text-editor.default\">\n\t\t\t\t<div class=\"elementor-widget-container\">\n\t\t\t<style>\/*! elementor - v3.8.1 - 13-11-2022 *\/\n.elementor-widget-text-editor.elementor-drop-cap-view-stacked .elementor-drop-cap{background-color:#818a91;color:#fff}.elementor-widget-text-editor.elementor-drop-cap-view-framed .elementor-drop-cap{color:#818a91;border:3px solid;background-color:transparent}.elementor-widget-text-editor:not(.elementor-drop-cap-view-default) .elementor-drop-cap{margin-top:8px}.elementor-widget-text-editor:not(.elementor-drop-cap-view-default) .elementor-drop-cap-letter{width:1em;height:1em}.elementor-widget-text-editor .elementor-drop-cap{float:left;text-align:center;line-height:1;font-size:50px}.elementor-widget-text-editor .elementor-drop-cap-letter{display:inline-block}<\/style>\t\t\t\t\t<div class=\"elementor-text-editor elementor-clearfix\">\n\t\t\t\t<h1>Nuestros procesos<\/h1>\t\t\t\t\t<\/div>\n\t\t\t\t\t\t<\/div>\n\t\t\t\t<\/div>\n\t\t\t\t<div class=\"elementor-element elementor-element-58bc08f elementor-widget elementor-widget-text-editor\" data-id=\"58bc08f\" data-element_type=\"widget\" data-widget_type=\"text-editor.default\">\n\t\t\t\t<div class=\"elementor-widget-container\">\n\t\t\t\t\t\t\t\t<div class=\"elementor-text-editor elementor-clearfix\">\n\t\t\t\t<p>En Agrimpex Farming trabajamos con la conservaci\u00f3n frigor\u00edfica siempre encendida, para garantizar que el proceso de envasado y la llegada a los mercados de venta aseguren un producto sano, con los atributos de calidad adecuados y la mayor vida \u00fatil posible para el consumidor final.<\/p>\n<p>Estamos atentos en todo momento a la evoluci\u00f3n de los mercados internacionales, as\u00ed como a las producciones presentes en los dos hemisferios, para poder suministrar de forma econ\u00f3mica el producto adecuado al precio justo y m\u00e1s ventajoso para el consumidor.<\/p>\n<p>Nuestras plantas de envasado son capaces de satisfacer las demandas de los mercados m\u00e1s diversos, proporcionando el embalaje adecuado y envase correcto para cada necesidad.<\/p><p><br><\/p><p><br><\/p>\t\t\t\t\t<\/div>\n\t\t\t\t\t\t<\/div>\n\t\t\t\t<\/div>\n\t\t\t\t\t\t<\/div>\n\t\t\t\t\t<\/div>\n\t\t<\/div>\n\t\t\t\t<div class=\"elementor-column elementor-col-50 elementor-top-column elementor-element elementor-element-9745047\" data-id=\"9745047\" data-element_type=\"column\">\n\t\t\t<div class=\"elementor-column-wrap elementor-element-populated\">\n\t\t\t\t\t\t\t<div class=\"elementor-widget-wrap\">\n\t\t\t\t\t\t<div class=\"elementor-element elementor-element-b83897b scroll-motion-no elementor-widget elementor-widget-image\" data-id=\"b83897b\" data-element_type=\"widget\" data-widget_type=\"image.default\">\n\t\t\t\t<div class=\"elementor-widget-container\">\n\t\t\t<style>\/*! elementor - v3.8.1 - 13-11-2022 *\/\n.elementor-widget-image{text-align:center}.elementor-widget-image a{display:inline-block}.elementor-widget-image a img[src$=\".svg\"]{width:48px}.elementor-widget-image img{vertical-align:middle;display:inline-block}<\/style>\t\t\t\t\t<div class=\"elementor-image\">\n\t\t\t\t\t\t\t\t\t\t\t\t<img loading=\"lazy\" decoding=\"async\" width=\"1024\" height=\"683\" src=\"https:\/\/agrimpexfarming.it\/wp-content\/uploads\/2022\/04\/big-detail-1024x683.jpg\" class=\"attachment-large size-large\" alt=\"\" srcset=\"https:\/\/agrimpexfarming.it\/wp-content\/uploads\/2022\/04\/big-detail-1024x683.jpg 1024w, https:\/\/agrimpexfarming.it\/wp-content\/uploads\/2022\/04\/big-detail-300x200.jpg 300w, https:\/\/agrimpexfarming.it\/wp-content\/uploads\/2022\/04\/big-detail-768x512.jpg 768w, https:\/\/agrimpexfarming.it\/wp-content\/uploads\/2022\/04\/big-detail-1536x1024.jpg 1536w, https:\/\/agrimpexfarming.it\/wp-content\/uploads\/2022\/04\/big-detail-2048x1365.jpg 2048w\" sizes=\"auto, (max-width: 1024px) 100vw, 1024px\" \/>\t\t\t\t\t\t\t\t\t\t\t\t\t\t<\/div>\n\t\t\t\t\t\t<\/div>\n\t\t\t\t<\/div>\n\t\t\t\t\t\t<\/div>\n\t\t\t\t\t<\/div>\n\t\t<\/div>\n\t\t\t\t\t\t\t\t<\/div>\n\t\t\t\t\t<\/div>\n\t\t<\/section>\n\t\t\t\t<section class=\"elementor-section elementor-top-section elementor-element elementor-element-e9a1595 elementor-section-boxed elementor-section-height-default elementor-section-height-default\" data-id=\"e9a1595\" data-element_type=\"section\">\n\t\t\t\t\t\t<div class=\"elementor-container elementor-column-gap-default\">\n\t\t\t\t\t\t\t<div class=\"elementor-row\">\n\t\t\t\t\t<div class=\"elementor-column elementor-col-100 elementor-top-column elementor-element elementor-element-2dfd250\" data-id=\"2dfd250\" data-element_type=\"column\">\n\t\t\t<div class=\"elementor-column-wrap elementor-element-populated\">\n\t\t\t\t\t\t\t<div class=\"elementor-widget-wrap\">\n\t\t\t\t\t\t<div class=\"elementor-element elementor-element-e9eb3b2 elementor-widget elementor-widget-image-gallery\" data-id=\"e9eb3b2\" data-element_type=\"widget\" data-widget_type=\"image-gallery.default\">\n\t\t\t\t<div class=\"elementor-widget-container\">\n\t\t\t<style>.elementor-image-gallery .gallery-item{display:inline-block;text-align:center;vertical-align:top;width:100%;max-width:100%;margin:0 auto}.elementor-image-gallery .gallery-item img{margin:0 auto}.elementor-image-gallery .gallery-item .gallery-caption{margin:0}.elementor-image-gallery figure img{display:block}.elementor-image-gallery figure figcaption{width:100%}.gallery-spacing-custom .elementor-image-gallery .gallery-icon{padding:0}@media (min-width:768px){.elementor-image-gallery .gallery-columns-2 .gallery-item{max-width:50%}.elementor-image-gallery .gallery-columns-3 .gallery-item{max-width:33.33%}.elementor-image-gallery .gallery-columns-4 .gallery-item{max-width:25%}.elementor-image-gallery .gallery-columns-5 .gallery-item{max-width:20%}.elementor-image-gallery .gallery-columns-6 .gallery-item{max-width:16.666%}.elementor-image-gallery .gallery-columns-7 .gallery-item{max-width:14.28%}.elementor-image-gallery .gallery-columns-8 .gallery-item{max-width:12.5%}.elementor-image-gallery .gallery-columns-9 .gallery-item{max-width:11.11%}.elementor-image-gallery .gallery-columns-10 .gallery-item{max-width:10%}}@media (min-width:480px) and (max-width:767px){.elementor-image-gallery .gallery.gallery-columns-2 .gallery-item,.elementor-image-gallery .gallery.gallery-columns-3 .gallery-item,.elementor-image-gallery .gallery.gallery-columns-4 .gallery-item,.elementor-image-gallery .gallery.gallery-columns-5 .gallery-item,.elementor-image-gallery .gallery.gallery-columns-6 .gallery-item,.elementor-image-gallery .gallery.gallery-columns-7 .gallery-item,.elementor-image-gallery .gallery.gallery-columns-8 .gallery-item,.elementor-image-gallery .gallery.gallery-columns-9 .gallery-item,.elementor-image-gallery .gallery.gallery-columns-10 .gallery-item{max-width:50%}}@media (max-width:479px){.elementor-image-gallery .gallery.gallery-columns-2 .gallery-item,.elementor-image-gallery .gallery.gallery-columns-3 .gallery-item,.elementor-image-gallery .gallery.gallery-columns-4 .gallery-item,.elementor-image-gallery .gallery.gallery-columns-5 .gallery-item,.elementor-image-gallery .gallery.gallery-columns-6 .gallery-item,.elementor-image-gallery .gallery.gallery-columns-7 .gallery-item,.elementor-image-gallery .gallery.gallery-columns-8 .gallery-item,.elementor-image-gallery .gallery.gallery-columns-9 .gallery-item,.elementor-image-gallery .gallery.gallery-columns-10 .gallery-item{max-width:100%}}<\/style>\t\t<div class=\"elementor-image-gallery\">\n\t\t\t<div id='gallery-1' class='gallery galleryid-20017 gallery-columns-3 gallery-size-agrarium_post_grid_2_columns'><figure class='gallery-item'>\n\t\t\t<div class='gallery-icon portrait'>\n\t\t\t\t<img loading=\"lazy\" decoding=\"async\" width=\"920\" height=\"780\" src=\"https:\/\/agrimpexfarming.it\/wp-content\/uploads\/2022\/02\/Confezionamento_agrimpex-920x780.jpg\" class=\"attachment-agrarium_post_grid_2_columns size-agrarium_post_grid_2_columns\" alt=\"\" srcset=\"https:\/\/agrimpexfarming.it\/wp-content\/uploads\/2022\/02\/Confezionamento_agrimpex-920x780.jpg 920w, https:\/\/agrimpexfarming.it\/wp-content\/uploads\/2022\/02\/Confezionamento_agrimpex-440x374.jpg 440w, https:\/\/agrimpexfarming.it\/wp-content\/uploads\/2022\/02\/Confezionamento_agrimpex-344x292.jpg 344w, https:\/\/agrimpexfarming.it\/wp-content\/uploads\/2022\/02\/Confezionamento_agrimpex-280x238.jpg 280w\" sizes=\"auto, (max-width: 920px) 100vw, 920px\" \/>\n\t\t\t<\/div><\/figure><figure class='gallery-item'>\n\t\t\t<div class='gallery-icon landscape'>\n\t\t\t\t<img loading=\"lazy\" decoding=\"async\" width=\"920\" height=\"780\" src=\"https:\/\/agrimpexfarming.it\/wp-content\/uploads\/2022\/04\/agri-920x780.jpg\" class=\"attachment-agrarium_post_grid_2_columns size-agrarium_post_grid_2_columns\" alt=\"\" srcset=\"https:\/\/agrimpexfarming.it\/wp-content\/uploads\/2022\/04\/agri-920x780.jpg 920w, https:\/\/agrimpexfarming.it\/wp-content\/uploads\/2022\/04\/agri-440x374.jpg 440w, https:\/\/agrimpexfarming.it\/wp-content\/uploads\/2022\/04\/agri-344x292.jpg 344w, https:\/\/agrimpexfarming.it\/wp-content\/uploads\/2022\/04\/agri-280x238.jpg 280w\" sizes=\"auto, (max-width: 920px) 100vw, 920px\" \/>\n\t\t\t<\/div><\/figure><figure class='gallery-item'>\n\t\t\t<div class='gallery-icon landscape'>\n\t\t\t\t<img loading=\"lazy\" decoding=\"async\" width=\"920\" height=\"780\" src=\"https:\/\/agrimpexfarming.it\/wp-content\/uploads\/2022\/02\/Agrimpex-920x780.jpg\" class=\"attachment-agrarium_post_grid_2_columns size-agrarium_post_grid_2_columns\" alt=\"\" srcset=\"https:\/\/agrimpexfarming.it\/wp-content\/uploads\/2022\/02\/Agrimpex-920x780.jpg 920w, https:\/\/agrimpexfarming.it\/wp-content\/uploads\/2022\/02\/Agrimpex-440x374.jpg 440w, https:\/\/agrimpexfarming.it\/wp-content\/uploads\/2022\/02\/Agrimpex-344x292.jpg 344w, https:\/\/agrimpexfarming.it\/wp-content\/uploads\/2022\/02\/Agrimpex-280x238.jpg 280w\" sizes=\"auto, (max-width: 920px) 100vw, 920px\" \/>\n\t\t\t<\/div><\/figure><figure class='gallery-item'>\n\t\t\t<div class='gallery-icon landscape'>\n\t\t\t\t<img loading=\"lazy\" decoding=\"async\" width=\"920\" height=\"780\" src=\"https:\/\/agrimpexfarming.it\/wp-content\/uploads\/2022\/04\/DSCF8036-copia-920x780.jpg\" class=\"attachment-agrarium_post_grid_2_columns size-agrarium_post_grid_2_columns\" alt=\"\" srcset=\"https:\/\/agrimpexfarming.it\/wp-content\/uploads\/2022\/04\/DSCF8036-copia-920x780.jpg 920w, https:\/\/agrimpexfarming.it\/wp-content\/uploads\/2022\/04\/DSCF8036-copia-440x374.jpg 440w, https:\/\/agrimpexfarming.it\/wp-content\/uploads\/2022\/04\/DSCF8036-copia-344x292.jpg 344w, https:\/\/agrimpexfarming.it\/wp-content\/uploads\/2022\/04\/DSCF8036-copia-280x238.jpg 280w\" sizes=\"auto, (max-width: 920px) 100vw, 920px\" \/>\n\t\t\t<\/div><\/figure><figure class='gallery-item'>\n\t\t\t<div class='gallery-icon landscape'>\n\t\t\t\t<img loading=\"lazy\" decoding=\"async\" width=\"920\" height=\"780\" src=\"https:\/\/agrimpexfarming.it\/wp-content\/uploads\/2022\/04\/misteraglio-920x780.jpg\" class=\"attachment-agrarium_post_grid_2_columns size-agrarium_post_grid_2_columns\" alt=\"\" srcset=\"https:\/\/agrimpexfarming.it\/wp-content\/uploads\/2022\/04\/misteraglio-920x780.jpg 920w, https:\/\/agrimpexfarming.it\/wp-content\/uploads\/2022\/04\/misteraglio-440x374.jpg 440w, https:\/\/agrimpexfarming.it\/wp-content\/uploads\/2022\/04\/misteraglio-344x292.jpg 344w, https:\/\/agrimpexfarming.it\/wp-content\/uploads\/2022\/04\/misteraglio-280x238.jpg 280w\" sizes=\"auto, (max-width: 920px) 100vw, 920px\" \/>\n\t\t\t<\/div><\/figure><figure class='gallery-item'>\n\t\t\t<div class='gallery-icon landscape'>\n\t\t\t\t<img loading=\"lazy\" decoding=\"async\" width=\"920\" height=\"780\" src=\"https:\/\/agrimpexfarming.it\/wp-content\/uploads\/2022\/04\/agrimpex-920x780.jpg\" class=\"attachment-agrarium_post_grid_2_columns size-agrarium_post_grid_2_columns\" alt=\"\" srcset=\"https:\/\/agrimpexfarming.it\/wp-content\/uploads\/2022\/04\/agrimpex-920x780.jpg 920w, https:\/\/agrimpexfarming.it\/wp-content\/uploads\/2022\/04\/agrimpex-440x374.jpg 440w, https:\/\/agrimpexfarming.it\/wp-content\/uploads\/2022\/04\/agrimpex-344x292.jpg 344w, https:\/\/agrimpexfarming.it\/wp-content\/uploads\/2022\/04\/agrimpex-280x238.jpg 280w\" sizes=\"auto, (max-width: 920px) 100vw, 920px\" \/>\n\t\t\t<\/div><\/figure><figure class='gallery-item'>\n\t\t\t<div class='gallery-icon landscape'>\n\t\t\t\t<img loading=\"lazy\" decoding=\"async\" width=\"920\" height=\"780\" src=\"https:\/\/agrimpexfarming.it\/wp-content\/uploads\/2022\/04\/macchinario-920x780.jpg\" class=\"attachment-agrarium_post_grid_2_columns size-agrarium_post_grid_2_columns\" alt=\"\" srcset=\"https:\/\/agrimpexfarming.it\/wp-content\/uploads\/2022\/04\/macchinario-920x780.jpg 920w, https:\/\/agrimpexfarming.it\/wp-content\/uploads\/2022\/04\/macchinario-440x374.jpg 440w, https:\/\/agrimpexfarming.it\/wp-content\/uploads\/2022\/04\/macchinario-344x292.jpg 344w, https:\/\/agrimpexfarming.it\/wp-content\/uploads\/2022\/04\/macchinario-280x238.jpg 280w\" sizes=\"auto, (max-width: 920px) 100vw, 920px\" \/>\n\t\t\t<\/div><\/figure><figure class='gallery-item'>\n\t\t\t<div class='gallery-icon landscape'>\n\t\t\t\t<img loading=\"lazy\" decoding=\"async\" width=\"920\" height=\"780\" src=\"https:\/\/agrimpexfarming.it\/wp-content\/uploads\/2022\/04\/agri_2-920x780.jpg\" class=\"attachment-agrarium_post_grid_2_columns size-agrarium_post_grid_2_columns\" alt=\"\" srcset=\"https:\/\/agrimpexfarming.it\/wp-content\/uploads\/2022\/04\/agri_2-920x780.jpg 920w, https:\/\/agrimpexfarming.it\/wp-content\/uploads\/2022\/04\/agri_2-440x374.jpg 440w, https:\/\/agrimpexfarming.it\/wp-content\/uploads\/2022\/04\/agri_2-344x292.jpg 344w, https:\/\/agrimpexfarming.it\/wp-content\/uploads\/2022\/04\/agri_2-280x238.jpg 280w\" sizes=\"auto, (max-width: 920px) 100vw, 920px\" \/>\n\t\t\t<\/div><\/figure><figure class='gallery-item'>\n\t\t\t<div class='gallery-icon portrait'>\n\t\t\t\t<img loading=\"lazy\" decoding=\"async\" width=\"920\" height=\"780\" src=\"https:\/\/agrimpexfarming.it\/wp-content\/uploads\/2022\/04\/aglio-920x780.jpg\" class=\"attachment-agrarium_post_grid_2_columns size-agrarium_post_grid_2_columns\" alt=\"\" srcset=\"https:\/\/agrimpexfarming.it\/wp-content\/uploads\/2022\/04\/aglio-920x780.jpg 920w, https:\/\/agrimpexfarming.it\/wp-content\/uploads\/2022\/04\/aglio-440x374.jpg 440w, https:\/\/agrimpexfarming.it\/wp-content\/uploads\/2022\/04\/aglio-344x292.jpg 344w, https:\/\/agrimpexfarming.it\/wp-content\/uploads\/2022\/04\/aglio-280x238.jpg 280w\" sizes=\"auto, (max-width: 920px) 100vw, 920px\" \/>\n\t\t\t<\/div><\/figure><figure class='gallery-item'>\n\t\t\t<div class='gallery-icon landscape'>\n\t\t\t\t<img loading=\"lazy\" decoding=\"async\" width=\"920\" height=\"780\" src=\"https:\/\/agrimpexfarming.it\/wp-content\/uploads\/2022\/04\/aglioinbusta-920x780.jpg\" class=\"attachment-agrarium_post_grid_2_columns size-agrarium_post_grid_2_columns\" alt=\"\" srcset=\"https:\/\/agrimpexfarming.it\/wp-content\/uploads\/2022\/04\/aglioinbusta-920x780.jpg 920w, https:\/\/agrimpexfarming.it\/wp-content\/uploads\/2022\/04\/aglioinbusta-440x374.jpg 440w, https:\/\/agrimpexfarming.it\/wp-content\/uploads\/2022\/04\/aglioinbusta-344x292.jpg 344w, https:\/\/agrimpexfarming.it\/wp-content\/uploads\/2022\/04\/aglioinbusta-280x238.jpg 280w\" sizes=\"auto, (max-width: 920px) 100vw, 920px\" \/>\n\t\t\t<\/div><\/figure>\n\t\t<\/div>\n\t\t<\/div>\n\t\t\t\t<\/div>\n\t\t\t\t<\/div>\n\t\t\t\t\t\t<\/div>\n\t\t\t\t\t<\/div>\n\t\t<\/div>\n\t\t\t\t\t\t\t\t<\/div>\n\t\t\t\t\t<\/div>\n\t\t<\/section>\n\t\t\t\t<section class=\"elementor-section elementor-top-section elementor-element elementor-element-3abd8f6 elementor-section-boxed elementor-section-height-default elementor-section-height-default\" data-id=\"3abd8f6\" data-element_type=\"section\">\n\t\t\t\t\t\t<div class=\"elementor-container elementor-column-gap-default\">\n\t\t\t\t\t\t\t<div class=\"elementor-row\">\n\t\t\t\t\t<div class=\"elementor-column elementor-col-100 elementor-top-column elementor-element elementor-element-82d5c20\" data-id=\"82d5c20\" data-element_type=\"column\">\n\t\t\t<div class=\"elementor-column-wrap elementor-element-populated\">\n\t\t\t\t\t\t\t<div class=\"elementor-widget-wrap\">\n\t\t\t\t\t\t<section class=\"elementor-section elementor-inner-section elementor-element elementor-element-4dde73e elementor-section-boxed elementor-section-height-default elementor-section-height-default\" data-id=\"4dde73e\" data-element_type=\"section\">\n\t\t\t\t\t\t<div class=\"elementor-container elementor-column-gap-default\">\n\t\t\t\t\t\t\t<div class=\"elementor-row\">\n\t\t\t\t\t<div class=\"elementor-column elementor-col-50 elementor-inner-column elementor-element elementor-element-40922f1\" data-id=\"40922f1\" data-element_type=\"column\">\n\t\t\t<div class=\"elementor-column-wrap\">\n\t\t\t\t\t\t\t<div class=\"elementor-widget-wrap\">\n\t\t\t\t\t\t\t\t<\/div>\n\t\t\t\t\t<\/div>\n\t\t<\/div>\n\t\t\t\t<div class=\"elementor-column elementor-col-50 elementor-inner-column elementor-element elementor-element-6d0214c\" data-id=\"6d0214c\" data-element_type=\"column\">\n\t\t\t<div class=\"elementor-column-wrap\">\n\t\t\t\t\t\t\t<div class=\"elementor-widget-wrap\">\n\t\t\t\t\t\t\t\t<\/div>\n\t\t\t\t\t<\/div>\n\t\t<\/div>\n\t\t\t\t\t\t\t\t<\/div>\n\t\t\t\t\t<\/div>\n\t\t<\/section>\n\t\t\t\t\t\t<\/div>\n\t\t\t\t\t<\/div>\n\t\t<\/div>\n\t\t\t\t\t\t\t\t<\/div>\n\t\t\t\t\t<\/div>\n\t\t<\/section>\n\t\t\t\t\t\t\t\t\t<\/div>\n\t\t\t<\/div>\n\t\t\t\t\t<\/div>\n\t\t","protected":false},"excerpt":{"rendered":"<p>Nuestros procesos En Agrimpex Farming trabajamos con la conservaci\u00f3n frigor\u00edfica siempre encendida, para garantizar que el proceso de envasado y la llegada a los mercados de venta aseguren un producto sano, con los atributos de calidad adecuados y la mayor vida&#8230;<\/p>\n","protected":false},"author":1,"featured_media":0,"parent":0,"menu_order":0,"comment_status":"closed","ping_status":"closed","template":"","meta":{"_mi_skip_tracking":false,"footnotes":""},"class_list":["post-20017","page","type-page","status-publish","hentry"],"aioseo_notices":[],"_links":{"self":[{"href":"https:\/\/agrimpexfarming.it\/es\/wp-json\/wp\/v2\/pages\/20017","targetHints":{"allow":["GET"]}}],"collection":[{"href":"https:\/\/agrimpexfarming.it\/es\/wp-json\/wp\/v2\/pages"}],"about":[{"href":"https:\/\/agrimpexfarming.it\/es\/wp-json\/wp\/v2\/types\/page"}],"author":[{"embeddable":true,"href":"https:\/\/agrimpexfarming.it\/es\/wp-json\/wp\/v2\/users\/1"}],"replies":[{"embeddable":true,"href":"https:\/\/agrimpexfarming.it\/es\/wp-json\/wp\/v2\/comments?post=20017"}],"version-history":[{"count":4,"href":"https:\/\/agrimpexfarming.it\/es\/wp-json\/wp\/v2\/pages\/20017\/revisions"}],"predecessor-version":[{"id":20085,"href":"https:\/\/agrimpexfarming.it\/es\/wp-json\/wp\/v2\/pages\/20017\/revisions\/20085"}],"wp:attachment":[{"href":"https:\/\/agrimpexfarming.it\/es\/wp-json\/wp\/v2\/media?parent=20017"}],"curies":[{"name":"wp","href":"https:\/\/api.w.org\/{rel}","templated":true}]}}